{"id":53,"date":"2019-12-02T00:07:51","date_gmt":"2019-12-01T17:07:51","guid":{"rendered":"http:\/\/beptu.ninhbinhweb.biz\/?page_id=53"},"modified":"2025-12-28T11:23:08","modified_gmt":"2025-12-28T04:23:08","slug":"gioi-thieu","status":"publish","type":"page","link":"https:\/\/vmhitech.com\/vi\/gioi-thieu\/","title":{"rendered":"Gi\u1edbi thi\u1ec7u"},"content":{"rendered":"<p><strong>Th\u00e0nh l\u1eadp t\u1eeb n\u0103m 2010, C\u00f4ng ty K\u1ef9 Thu\u1eadt Cao VM (VMHITECH)<\/strong>\u00a0t\u1eadp trung \u1ee9ng d\u1ee5ng c\u00f4ng ngh\u1ec7 t\u1ef1 \u0111\u1ed9ng h\u00f3a, \u0111\u1eb7c bi\u1ec7t l\u00e0 c\u00f4ng ngh\u1ec7 CNC v\u00e0o qu\u00e1 tr\u00ecnh gia c\u00f4ng s\u1ea3n ph\u1ea9m.<\/p>\n<p>Ch\u00fang t\u00f4i \u0111\u00e3 s\u1ea3n xu\u1ea5t th\u00e0nh c\u00f4ng h\u1ec7 th\u1ed1ng m\u00e1y CNC \u201cmade in Vietnam\u201d \u0111\u1ea7u ti\u00ean cho ng\u00e0nh gia c\u00f4ng phom gi\u00e0y (form gi\u00e0y, shoelast, shoetree). H\u1ec7 th\u1ed1ng n\u00e0y \u0111\u00e3 \u0111\u01b0\u1ee3c \u1ee9ng d\u1ee5ng r\u1ed9ng r\u00e3i t\u1ea1i nhi\u1ec1u x\u01b0\u1edfng s\u1ea3n xu\u1ea5t form gi\u00e0y \u1edf Vi\u1ec7t Nam.<\/p>\n<h2>Th\u00f4ng tin li\u00ean h\u1ec7:<\/h2>\n<p><strong>C\u00d4NG TY TNHH K\u1ef8 THU\u1eacT CAO VM<\/strong><\/p>\n<ul>\n<li><strong>\u0110\u1ecba ch\u1ec9: <\/strong>256\/91\/26C Phan Huy \u00cdch, Ph\u01b0\u1eddng An H\u1ed9i T\u00e2y, TP H\u1ed3 Ch\u00ed Minh, Vi\u1ec7t Nam.<\/li>\n<li><strong>HP\/WA:<\/strong> +84 938 615 700<\/li>\n<li><strong>E-mail:<\/strong> info@vmhitech.com<\/li>\n<\/ul>\n\n\n\n<p><\/p>","protected":false},"excerpt":{"rendered":"","protected":false},"author":1,"featured_media":0,"parent":0,"menu_order":0,"comment_status":"closed","ping_status":"closed","template":"page-left-sidebar.php","meta":{"_acf_changed":false,"footnotes":""},"class_list":["post-53","page","type-page","status-publish","hentry"],"acf":[],"yoast_head":"<!-- This site is optimized with the Yoast SEO Premium plugin v26.6 (Yoast SEO v26.6) - https:\/\/yoast.com\/wordpress\/plugins\/seo\/ -->\n<title>About Us - VM HighTech Co., Ltd.<\/title>\n<meta name=\"robots\" content=\"index, follow, max-snippet:-1, max-image-preview:large, max-video-preview:-1\" \/>\n<link rel=\"canonical\" href=\"https:\/\/vmhitech.com\/vi\/gioi-thieu\/\" \/>\n<meta property=\"og:locale\" content=\"vi_VN\" \/>\n<meta property=\"og:type\" content=\"article\" \/>\n<meta property=\"og:title\" content=\"About Us\" \/>\n<meta property=\"og:url\" content=\"https:\/\/vmhitech.com\/vi\/gioi-thieu\/\" \/>\n<meta property=\"og:site_name\" content=\"VM HighTech Co., Ltd.\" \/>\n<meta property=\"article:publisher\" content=\"https:\/\/www.facebook.com\/VMhitechco\" \/>\n<meta property=\"article:modified_time\" content=\"2025-12-28T04:23:08+00:00\" \/>\n<meta name=\"twitter:card\" content=\"summary_large_image\" \/>\n<meta name=\"twitter:label1\" content=\"\u01af\u1edbc t\u00ednh th\u1eddi gian \u0111\u1ecdc\" \/>\n\t<meta name=\"twitter:data1\" content=\"1 ph\u00fat\" \/>\n<script type=\"application\/ld+json\" class=\"yoast-schema-graph\">{\"@context\":\"https:\/\/schema.org\",\"@graph\":[{\"@type\":\"WebPage\",\"@id\":\"https:\/\/vmhitech.com\/about-us\/\",\"url\":\"https:\/\/vmhitech.com\/about-us\/\",\"name\":\"About Us - VM HighTech Co., Ltd.\",\"isPartOf\":{\"@id\":\"https:\/\/vmhitech.com\/#website\"},\"datePublished\":\"2019-12-01T17:07:51+00:00\",\"dateModified\":\"2025-12-28T04:23:08+00:00\",\"breadcrumb\":{\"@id\":\"https:\/\/vmhitech.com\/about-us\/#breadcrumb\"},\"inLanguage\":\"vi\",\"potentialAction\":[{\"@type\":\"ReadAction\",\"target\":[\"https:\/\/vmhitech.com\/about-us\/\"]}]},{\"@type\":\"BreadcrumbList\",\"@id\":\"https:\/\/vmhitech.com\/about-us\/#breadcrumb\",\"itemListElement\":[{\"@type\":\"ListItem\",\"position\":1,\"name\":\"Trang ch\u1ee7\",\"item\":\"https:\/\/vmhitech.com\/\"},{\"@type\":\"ListItem\",\"position\":2,\"name\":\"About Us\"}]},{\"@type\":\"WebSite\",\"@id\":\"https:\/\/vmhitech.com\/#website\",\"url\":\"https:\/\/vmhitech.com\/\",\"name\":\"VM HighTech Co., Ltd.\",\"description\":\"\",\"publisher\":{\"@id\":\"https:\/\/vmhitech.com\/#organization\"},\"potentialAction\":[{\"@type\":\"SearchAction\",\"target\":{\"@type\":\"EntryPoint\",\"urlTemplate\":\"https:\/\/vmhitech.com\/?s={search_term_string}\"},\"query-input\":{\"@type\":\"PropertyValueSpecification\",\"valueRequired\":true,\"valueName\":\"search_term_string\"}}],\"inLanguage\":\"vi\"},{\"@type\":\"Organization\",\"@id\":\"https:\/\/vmhitech.com\/#organization\",\"name\":\"VM HighTech Co., Ltd.\",\"url\":\"https:\/\/vmhitech.com\/\",\"logo\":{\"@type\":\"ImageObject\",\"inLanguage\":\"vi\",\"@id\":\"https:\/\/vmhitech.com\/#\/schema\/logo\/image\/\",\"url\":\"https:\/\/vmhitech.com\/wp-content\/uploads\/2025\/09\/VM-LOGO-1.png\",\"contentUrl\":\"https:\/\/vmhitech.com\/wp-content\/uploads\/2025\/09\/VM-LOGO-1.png\",\"width\":1200,\"height\":740,\"caption\":\"VM HighTech Co., Ltd.\"},\"image\":{\"@id\":\"https:\/\/vmhitech.com\/#\/schema\/logo\/image\/\"},\"sameAs\":[\"https:\/\/www.facebook.com\/VMhitechco\"]}]}<\/script>\n<!-- \/ Yoast SEO Premium plugin. -->","yoast_head_json":{"title":"About Us - VM HighTech Co., Ltd.","robots":{"index":"index","follow":"follow","max-snippet":"max-snippet:-1","max-image-preview":"max-image-preview:large","max-video-preview":"max-video-preview:-1"},"canonical":"https:\/\/vmhitech.com\/vi\/gioi-thieu\/","og_locale":"vi_VN","og_type":"article","og_title":"About Us","og_url":"https:\/\/vmhitech.com\/vi\/gioi-thieu\/","og_site_name":"VM HighTech Co., Ltd.","article_publisher":"https:\/\/www.facebook.com\/VMhitechco","article_modified_time":"2025-12-28T04:23:08+00:00","twitter_card":"summary_large_image","twitter_misc":{"\u01af\u1edbc t\u00ednh th\u1eddi gian \u0111\u1ecdc":"1 ph\u00fat"},"schema":{"@context":"https:\/\/schema.org","@graph":[{"@type":"WebPage","@id":"https:\/\/vmhitech.com\/about-us\/","url":"https:\/\/vmhitech.com\/about-us\/","name":"About Us - VM HighTech Co., Ltd.","isPartOf":{"@id":"https:\/\/vmhitech.com\/#website"},"datePublished":"2019-12-01T17:07:51+00:00","dateModified":"2025-12-28T04:23:08+00:00","breadcrumb":{"@id":"https:\/\/vmhitech.com\/about-us\/#breadcrumb"},"inLanguage":"vi","potentialAction":[{"@type":"ReadAction","target":["https:\/\/vmhitech.com\/about-us\/"]}]},{"@type":"BreadcrumbList","@id":"https:\/\/vmhitech.com\/about-us\/#breadcrumb","itemListElement":[{"@type":"ListItem","position":1,"name":"Trang ch\u1ee7","item":"https:\/\/vmhitech.com\/"},{"@type":"ListItem","position":2,"name":"About Us"}]},{"@type":"WebSite","@id":"https:\/\/vmhitech.com\/#website","url":"https:\/\/vmhitech.com\/","name":"C\u00f4ng ty TNHH VM HighTech","description":"","publisher":{"@id":"https:\/\/vmhitech.com\/#organization"},"potentialAction":[{"@type":"SearchAction","target":{"@type":"EntryPoint","urlTemplate":"https:\/\/vmhitech.com\/?s={search_term_string}"},"query-input":{"@type":"PropertyValueSpecification","valueRequired":true,"valueName":"search_term_string"}}],"inLanguage":"vi"},{"@type":"Organization","@id":"https:\/\/vmhitech.com\/#organization","name":"C\u00f4ng ty TNHH VM HighTech","url":"https:\/\/vmhitech.com\/","logo":{"@type":"ImageObject","inLanguage":"vi","@id":"https:\/\/vmhitech.com\/#\/schema\/logo\/image\/","url":"https:\/\/vmhitech.com\/wp-content\/uploads\/2025\/09\/VM-LOGO-1.png","contentUrl":"https:\/\/vmhitech.com\/wp-content\/uploads\/2025\/09\/VM-LOGO-1.png","width":1200,"height":740,"caption":"VM HighTech Co., Ltd."},"image":{"@id":"https:\/\/vmhitech.com\/#\/schema\/logo\/image\/"},"sameAs":["https:\/\/www.facebook.com\/VMhitechco"]}]}},"_links":{"self":[{"href":"https:\/\/vmhitech.com\/vi\/wp-json\/wp\/v2\/pages\/53","targetHints":{"allow":["GET"]}}],"collection":[{"href":"https:\/\/vmhitech.com\/vi\/wp-json\/wp\/v2\/pages"}],"about":[{"href":"https:\/\/vmhitech.com\/vi\/wp-json\/wp\/v2\/types\/page"}],"author":[{"embeddable":true,"href":"https:\/\/vmhitech.com\/vi\/wp-json\/wp\/v2\/users\/1"}],"replies":[{"embeddable":true,"href":"https:\/\/vmhitech.com\/vi\/wp-json\/wp\/v2\/comments?post=53"}],"version-history":[{"count":1,"href":"https:\/\/vmhitech.com\/vi\/wp-json\/wp\/v2\/pages\/53\/revisions"}],"predecessor-version":[{"id":2536,"href":"https:\/\/vmhitech.com\/vi\/wp-json\/wp\/v2\/pages\/53\/revisions\/2536"}],"wp:attachment":[{"href":"https:\/\/vmhitech.com\/vi\/wp-json\/wp\/v2\/media?parent=53"}],"curies":[{"name":"wp","href":"https:\/\/api.w.org\/{rel}","templated":true}]}}