{"id":1669,"date":"2025-09-23T11:05:25","date_gmt":"2025-09-23T04:05:25","guid":{"rendered":"http:\/\/localhost\/minhman\/?post_type=product&#038;p=1669"},"modified":"2025-12-28T10:37:37","modified_gmt":"2025-12-28T03:37:37","slug":"lastscan3d-may-scan-phom-giay-3d","status":"publish","type":"product","link":"https:\/\/vmhitech.com\/vi\/san-pham\/lastscan3d-may-scan-phom-giay-3d\/","title":{"rendered":"LastScan3D M\u00e1y scan phom gi\u00e0y 3D"},"content":{"rendered":"<p>Lastscan3D\u00a0 &#8211; The Shoelast 3D scanning machine can generate data of the prototype last in CAD file format. The file is then transferred to CNC machine or lasts design software for further process.<\/p>\n<ul>\n<li>\u0110\u1ed9 ph\u00e2n gi\u1ea3i 0,001mm (1\u00b5m)<\/li>\n<li>H\u1ec7 \u0111i\u1ec1u h\u00e0nh v\u00e0 ph\u1ea7n m\u1ec1m scan do VMHitech ph\u00e1t tri\u1ec3n. D\u00f9ng c\u00e1c file MOD, NC, H2K\u2026<\/li>\n<li>D\u1ef1a tr\u00ean h\u1ec7 \u0111i\u1ec1u h\u00e0nh th\u1eddi gian th\u1ef1c \u0111a nhi\u1ec7m, b\u1ea1n c\u00f3 th\u1ec3 th\u1ef1c hi\u1ec7n c\u00e1c t\u00e1c v\u1ee5 thi\u1ebft k\u1ebf\/ch\u1ec9nh s\u1eeda kh\u00e1c trong khi scan m\u1eabu.<\/li>\n<\/ul>\n<p><a href=\"https:\/\/vmhitech.com\/vi\/lien-he\/\">Li\u00ean h\u1ec7 v\u1edbi ch\u00fang t\u00f4i \u0111\u1ec3 bi\u1ebft th\u00eam chi ti\u1ebft.<\/a><\/p>\n<iframe loading=\"lazy\" width=\"900\" height=\"600\" src=\"https:\/\/www.youtube.com\/embed\/KW1DTV4f7HA\"  frameborder=\"0\" allow=\"accelerometer; autoplay; clipboard-write; encrypted-media; gyroscope; picture-in-picture; web-share\" allowfullscreen><\/iframe>\n<h2><span style=\"font-size: 80%;\">Th\u00f4ng s\u1ed1 k\u1ef9 thu\u1eadt Lastscan3D<\/span><\/h2>\n\n<table id=\"tablepress-1\" class=\"tablepress tablepress-id-1\">\n<thead>\n<tr class=\"row-1\">\n\t<th class=\"column-1\">Model:<\/th><th class=\"column-2\">LastScan3d<\/th>\n<\/tr>\n<\/thead>\n<tbody class=\"row-striping row-hover\">\n<tr class=\"row-2\">\n\t<td class=\"column-1\">T\u1ed1c \u0111\u1ed9 qu\u00e9t t\u1ed1i \u0111a:<\/td><td class=\"column-2\">20 v\u00f2ng\/ph\u00fat<\/td>\n<\/tr>\n<tr class=\"row-3\">\n\t<td class=\"column-1\">B\u01b0\u1edbc qu\u00e9t:<\/td><td class=\"column-2\">0,5 \u2013 2 mm<\/td>\n<\/tr>\n<tr class=\"row-4\">\n\t<td class=\"column-1\">Con l\u0103n (ti\u00eau chu\u1ea9n):<\/td><td class=\"column-2\">\u044484 x 32 mm<\/td>\n<\/tr>\n<tr class=\"row-5\">\n\t<td class=\"column-1\">\u0110\u1ed9 ph\u00e2n gi\u1ea3i:<\/td><td class=\"column-2\">0,001 mm<\/td>\n<\/tr>\n<tr class=\"row-6\">\n\t<td class=\"column-1\">S\u1ed1 tr\u1ee5c Servo:<\/td><td class=\"column-2\">2<\/td>\n<\/tr>\n<tr class=\"row-7\">\n\t<td class=\"column-1\">C\u00f4ng su\u1ea5t:<\/td><td class=\"column-2\">1 KW<\/td>\n<\/tr>\n<tr class=\"row-8\">\n\t<td class=\"column-1\">Ngu\u1ed3n \u0111i\u1ec7n:<\/td><td class=\"column-2\">1 pha, 220V \u00b1 5%<\/td>\n<\/tr>\n<tr class=\"row-9\">\n\t<td class=\"column-1\">\u00c1p su\u1ea5t kh\u00ed n\u00e9n:<\/td><td class=\"column-2\">4 bar<br \/>\n<\/td>\n<\/tr>\n<tr class=\"row-10\">\n\t<td class=\"column-1\">K\u00edch th\u01b0\u1edbc:<\/td><td class=\"column-2\">L1400 xW1000 xH1400mm<\/td>\n<\/tr>\n<tr class=\"row-11\">\n\t<td class=\"column-1\">Tr\u1ecdng l\u01b0\u1ee3ng:<\/td><td class=\"column-2\">400 kg<\/td>\n<\/tr>\n<\/tbody>\n<\/table>\n<!-- #tablepress-1 from cache -->\n<p>&nbsp;<\/p>","protected":false},"excerpt":{"rendered":"<p>Shoe last 3D scanning machine Lastscan3D can generate data of the prototype last in CAD file format. The file is then transferred to CNC machine or lasts design software for further process.<\/p>","protected":false},"featured_media":2031,"template":"","meta":{"_acf_changed":false},"product_brand":[57],"product_cat":[31],"product_tag":[36,37,35,68],"class_list":{"0":"post-1669","1":"product","2":"type-product","3":"status-publish","4":"has-post-thumbnail","6":"product_brand-vmhitech","7":"product_cat-shoelast-machines","8":"product_tag-hormas","9":"product_tag-lastscan3d","10":"product_tag-shoelast","11":"product_tag-shoetree","13":"first","14":"instock","15":"shipping-taxable","16":"product-type-simple"},"acf":[],"yoast_head":"<!-- This site is optimized with the Yoast SEO Premium plugin v26.6 (Yoast SEO v26.6) - https:\/\/yoast.com\/wordpress\/plugins\/seo\/ -->\n<title>LastScan3D ShoeLast 3D Scanner - VM HighTech Co., Ltd.<\/title>\n<meta name=\"description\" content=\"Shoe last 3D scanning machine Lastscan3D can generate data of the prototype last in CAD file format. The file is then transferred to CNC machine or lasts design software for further process.\" \/>\n<meta name=\"robots\" content=\"index, follow, max-snippet:-1, max-image-preview:large, max-video-preview:-1\" \/>\n<link rel=\"canonical\" href=\"https:\/\/vmhitech.com\/vi\/san-pham\/lastscan3d-may-scan-phom-giay-3d\/\" \/>\n<meta property=\"og:locale\" content=\"vi_VN\" \/>\n<meta property=\"og:type\" content=\"article\" \/>\n<meta property=\"og:title\" content=\"LastScan3D ShoeLast 3D Scanner\" \/>\n<meta property=\"og:description\" content=\"Shoe last 3D scanning machine Lastscan3D can generate data of the prototype last in CAD file format. The file is then transferred to CNC machine or lasts design software for further process.\" \/>\n<meta property=\"og:url\" content=\"https:\/\/vmhitech.com\/vi\/san-pham\/lastscan3d-may-scan-phom-giay-3d\/\" \/>\n<meta property=\"og:site_name\" content=\"VM HighTech Co., Ltd.\" \/>\n<meta property=\"article:publisher\" content=\"https:\/\/www.facebook.com\/VMhitechco\" \/>\n<meta property=\"article:modified_time\" content=\"2025-12-28T03:37:37+00:00\" \/>\n<meta property=\"og:image\" content=\"https:\/\/vmhitech.com\/wp-content\/uploads\/2025\/09\/LASTSCAN3D-shop-01.png\" \/>\n\t<meta property=\"og:image:width\" content=\"512\" \/>\n\t<meta property=\"og:image:height\" content=\"512\" \/>\n\t<meta property=\"og:image:type\" content=\"image\/png\" \/>\n<meta name=\"twitter:card\" content=\"summary_large_image\" \/>\n<meta name=\"twitter:label1\" content=\"Price\" \/>\n\t<meta name=\"twitter:data1\" content=\"Inquiry\" \/>\n\t<meta name=\"twitter:label2\" content=\"Availability\" \/>\n\t<meta name=\"twitter:data2\" content=\"In stock\" \/>\n<script type=\"application\/ld+json\" class=\"yoast-schema-graph\">{\"@context\":\"https:\/\/schema.org\",\"@graph\":[{\"@type\":\"WebPage\",\"@id\":\"https:\/\/vmhitech.com\/products\/lastscan3d-shoelast-3d-scanner\/\",\"url\":\"https:\/\/vmhitech.com\/products\/lastscan3d-shoelast-3d-scanner\/\",\"name\":\"LastScan3D ShoeLast 3D Scanner - VM HighTech Co., Ltd.\",\"isPartOf\":{\"@id\":\"https:\/\/vmhitech.com\/#website\"},\"primaryImageOfPage\":{\"@id\":\"https:\/\/vmhitech.com\/products\/lastscan3d-shoelast-3d-scanner\/#primaryimage\"},\"image\":{\"@id\":\"https:\/\/vmhitech.com\/products\/lastscan3d-shoelast-3d-scanner\/#primaryimage\"},\"thumbnailUrl\":\"https:\/\/vmhitech.com\/wp-content\/uploads\/2025\/09\/LASTSCAN3D-shop-01.png\",\"datePublished\":\"2025-09-23T04:05:25+00:00\",\"dateModified\":\"2025-12-28T03:37:37+00:00\",\"description\":\"Shoe last 3D scanning machine Lastscan3D can generate data of the prototype last in CAD file format. The file is then transferred to CNC machine or lasts design software for further process.\",\"breadcrumb\":{\"@id\":\"https:\/\/vmhitech.com\/products\/lastscan3d-shoelast-3d-scanner\/#breadcrumb\"},\"inLanguage\":\"vi\",\"potentialAction\":[{\"@type\":\"ReadAction\",\"target\":[\"https:\/\/vmhitech.com\/products\/lastscan3d-shoelast-3d-scanner\/\"]}]},{\"@type\":\"ImageObject\",\"inLanguage\":\"vi\",\"@id\":\"https:\/\/vmhitech.com\/products\/lastscan3d-shoelast-3d-scanner\/#primaryimage\",\"url\":\"https:\/\/vmhitech.com\/wp-content\/uploads\/2025\/09\/LASTSCAN3D-shop-01.png\",\"contentUrl\":\"https:\/\/vmhitech.com\/wp-content\/uploads\/2025\/09\/LASTSCAN3D-shop-01.png\",\"width\":512,\"height\":512,\"caption\":\"Lastscan3d\"},{\"@type\":\"BreadcrumbList\",\"@id\":\"https:\/\/vmhitech.com\/products\/lastscan3d-shoelast-3d-scanner\/#breadcrumb\",\"itemListElement\":[{\"@type\":\"ListItem\",\"position\":1,\"name\":\"Trang ch\u1ee7\",\"item\":\"https:\/\/vmhitech.com\/\"},{\"@type\":\"ListItem\",\"position\":2,\"name\":\"Products\",\"item\":\"https:\/\/vmhitech.com\/products\/\"},{\"@type\":\"ListItem\",\"position\":3,\"name\":\"LastScan3D ShoeLast 3D Scanner\"}]},{\"@type\":\"WebSite\",\"@id\":\"https:\/\/vmhitech.com\/#website\",\"url\":\"https:\/\/vmhitech.com\/\",\"name\":\"VM HighTech Co., Ltd.\",\"description\":\"\",\"publisher\":{\"@id\":\"https:\/\/vmhitech.com\/#organization\"},\"potentialAction\":[{\"@type\":\"SearchAction\",\"target\":{\"@type\":\"EntryPoint\",\"urlTemplate\":\"https:\/\/vmhitech.com\/?s={search_term_string}\"},\"query-input\":{\"@type\":\"PropertyValueSpecification\",\"valueRequired\":true,\"valueName\":\"search_term_string\"}}],\"inLanguage\":\"vi\"},{\"@type\":\"Organization\",\"@id\":\"https:\/\/vmhitech.com\/#organization\",\"name\":\"VM HighTech Co., Ltd.\",\"url\":\"https:\/\/vmhitech.com\/\",\"logo\":{\"@type\":\"ImageObject\",\"inLanguage\":\"vi\",\"@id\":\"https:\/\/vmhitech.com\/#\/schema\/logo\/image\/\",\"url\":\"https:\/\/vmhitech.com\/wp-content\/uploads\/2025\/09\/VM-LOGO-1.png\",\"contentUrl\":\"https:\/\/vmhitech.com\/wp-content\/uploads\/2025\/09\/VM-LOGO-1.png\",\"width\":1200,\"height\":740,\"caption\":\"VM HighTech Co., Ltd.\"},\"image\":{\"@id\":\"https:\/\/vmhitech.com\/#\/schema\/logo\/image\/\"},\"sameAs\":[\"https:\/\/www.facebook.com\/VMhitechco\"]}]}<\/script>\n<meta property=\"product:price:currency\" content=\"VND\" \/>\n<meta property=\"og:availability\" content=\"instock\" \/>\n<meta property=\"product:availability\" content=\"instock\" \/>\n<meta property=\"product:condition\" content=\"new\" \/>\n<!-- \/ Yoast SEO Premium plugin. -->","yoast_head_json":{"title":"LastScan3D ShoeLast 3D Scanner - VM HighTech Co., Ltd.","description":"Shoe last 3D scanning machine Lastscan3D can generate data of the prototype last in CAD file format. The file is then transferred to CNC machine or lasts design software for further process.","robots":{"index":"index","follow":"follow","max-snippet":"max-snippet:-1","max-image-preview":"max-image-preview:large","max-video-preview":"max-video-preview:-1"},"canonical":"https:\/\/vmhitech.com\/vi\/san-pham\/lastscan3d-may-scan-phom-giay-3d\/","og_locale":"vi_VN","og_type":"article","og_title":"LastScan3D ShoeLast 3D Scanner","og_description":"Shoe last 3D scanning machine Lastscan3D can generate data of the prototype last in CAD file format. The file is then transferred to CNC machine or lasts design software for further process.","og_url":"https:\/\/vmhitech.com\/vi\/san-pham\/lastscan3d-may-scan-phom-giay-3d\/","og_site_name":"VM HighTech Co., Ltd.","article_publisher":"https:\/\/www.facebook.com\/VMhitechco","article_modified_time":"2025-12-28T03:37:37+00:00","og_image":[{"width":512,"height":512,"url":"https:\/\/vmhitech.com\/wp-content\/uploads\/2025\/09\/LASTSCAN3D-shop-01.png","type":"image\/png"}],"twitter_card":"summary_large_image","twitter_misc":{"Price":"Inquiry","Availability":"In stock"},"schema":{"@context":"https:\/\/schema.org","@graph":[{"@type":"WebPage","@id":"https:\/\/vmhitech.com\/products\/lastscan3d-shoelast-3d-scanner\/","url":"https:\/\/vmhitech.com\/products\/lastscan3d-shoelast-3d-scanner\/","name":"LastScan3D ShoeLast 3D Scanner - VM HighTech Co., Ltd.","isPartOf":{"@id":"https:\/\/vmhitech.com\/#website"},"primaryImageOfPage":{"@id":"https:\/\/vmhitech.com\/products\/lastscan3d-shoelast-3d-scanner\/#primaryimage"},"image":{"@id":"https:\/\/vmhitech.com\/products\/lastscan3d-shoelast-3d-scanner\/#primaryimage"},"thumbnailUrl":"https:\/\/vmhitech.com\/wp-content\/uploads\/2025\/09\/LASTSCAN3D-shop-01.png","datePublished":"2025-09-23T04:05:25+00:00","dateModified":"2025-12-28T03:37:37+00:00","description":"Shoe last 3D scanning machine Lastscan3D can generate data of the prototype last in CAD file format. The file is then transferred to CNC machine or lasts design software for further process.","breadcrumb":{"@id":"https:\/\/vmhitech.com\/products\/lastscan3d-shoelast-3d-scanner\/#breadcrumb"},"inLanguage":"vi","potentialAction":[{"@type":"ReadAction","target":["https:\/\/vmhitech.com\/products\/lastscan3d-shoelast-3d-scanner\/"]}]},{"@type":"ImageObject","inLanguage":"vi","@id":"https:\/\/vmhitech.com\/products\/lastscan3d-shoelast-3d-scanner\/#primaryimage","url":"https:\/\/vmhitech.com\/wp-content\/uploads\/2025\/09\/LASTSCAN3D-shop-01.png","contentUrl":"https:\/\/vmhitech.com\/wp-content\/uploads\/2025\/09\/LASTSCAN3D-shop-01.png","width":512,"height":512,"caption":"Lastscan3d"},{"@type":"BreadcrumbList","@id":"https:\/\/vmhitech.com\/products\/lastscan3d-shoelast-3d-scanner\/#breadcrumb","itemListElement":[{"@type":"ListItem","position":1,"name":"Trang ch\u1ee7","item":"https:\/\/vmhitech.com\/"},{"@type":"ListItem","position":2,"name":"Products","item":"https:\/\/vmhitech.com\/products\/"},{"@type":"ListItem","position":3,"name":"LastScan3D ShoeLast 3D Scanner"}]},{"@type":"WebSite","@id":"https:\/\/vmhitech.com\/#website","url":"https:\/\/vmhitech.com\/","name":"C\u00f4ng ty TNHH VM HighTech","description":"","publisher":{"@id":"https:\/\/vmhitech.com\/#organization"},"potentialAction":[{"@type":"SearchAction","target":{"@type":"EntryPoint","urlTemplate":"https:\/\/vmhitech.com\/?s={search_term_string}"},"query-input":{"@type":"PropertyValueSpecification","valueRequired":true,"valueName":"search_term_string"}}],"inLanguage":"vi"},{"@type":"Organization","@id":"https:\/\/vmhitech.com\/#organization","name":"C\u00f4ng ty TNHH VM HighTech","url":"https:\/\/vmhitech.com\/","logo":{"@type":"ImageObject","inLanguage":"vi","@id":"https:\/\/vmhitech.com\/#\/schema\/logo\/image\/","url":"https:\/\/vmhitech.com\/wp-content\/uploads\/2025\/09\/VM-LOGO-1.png","contentUrl":"https:\/\/vmhitech.com\/wp-content\/uploads\/2025\/09\/VM-LOGO-1.png","width":1200,"height":740,"caption":"VM HighTech Co., Ltd."},"image":{"@id":"https:\/\/vmhitech.com\/#\/schema\/logo\/image\/"},"sameAs":["https:\/\/www.facebook.com\/VMhitechco"]}]},"product_price_currency":"VND","og_availability":"instock","product_availability":"instock","product_condition":"new"},"_links":{"self":[{"href":"https:\/\/vmhitech.com\/vi\/wp-json\/wp\/v2\/product\/1669","targetHints":{"allow":["GET"]}}],"collection":[{"href":"https:\/\/vmhitech.com\/vi\/wp-json\/wp\/v2\/product"}],"about":[{"href":"https:\/\/vmhitech.com\/vi\/wp-json\/wp\/v2\/types\/product"}],"wp:featuredmedia":[{"embeddable":true,"href":"https:\/\/vmhitech.com\/vi\/wp-json\/wp\/v2\/media\/2031"}],"wp:attachment":[{"href":"https:\/\/vmhitech.com\/vi\/wp-json\/wp\/v2\/media?parent=1669"}],"wp:term":[{"taxonomy":"product_brand","embeddable":true,"href":"https:\/\/vmhitech.com\/vi\/wp-json\/wp\/v2\/product_brand?post=1669"},{"taxonomy":"product_cat","embeddable":true,"href":"https:\/\/vmhitech.com\/vi\/wp-json\/wp\/v2\/product_cat?post=1669"},{"taxonomy":"product_tag","embeddable":true,"href":"https:\/\/vmhitech.com\/vi\/wp-json\/wp\/v2\/product_tag?post=1669"}],"curies":[{"name":"wp","href":"https:\/\/api.w.org\/{rel}","templated":true}]}}