{"id":1775,"date":"2025-09-24T19:35:33","date_gmt":"2025-09-24T12:35:33","guid":{"rendered":"http:\/\/localhost\/minhman\/?post_type=product&#038;p=1775"},"modified":"2025-12-28T10:31:57","modified_gmt":"2025-12-28T03:31:57","slug":"ml-f2r-may-quay-phom-giay-1-doi","status":"publish","type":"product","link":"https:\/\/vmhitech.com\/vi\/san-pham\/ml-f2r-may-quay-phom-giay-1-doi\/","title":{"rendered":"ML-F2R M\u00e1y quay phom gi\u00e0y 1 \u0111\u00f4i"},"content":{"rendered":"<p><strong>ML-F2R<\/strong> M\u00e1y CNC quay 1 \u0111\u00f4i phom gi\u00e0y (form gi\u00e0y) t\u1eeb ch\u1ea1y th\u00f4 \u0111\u1ebfn tinh (phom gi\u00e0y nh\u1ef1a ho\u1eb7c g\u1ed7).<\/p>\n<ul>\n<li>T\u00edch h\u1ee3p 2 d\u00e0n dao: d\u00e0n dao l\u1edbn ph\u00e1 th\u00f4, d\u00e0n dao nh\u1ecf ch\u1ea1y tinh. Ch\u01b0\u01a1ng tr\u00ecnh cho ph\u00e9p l\u1ef1a ch\u1ecdn nhi\u1ec1u ch\u1ebf d\u1ed9 gia c\u00f4ng theo nhu c\u1ea7u s\u1ea3n xu\u1ea5t nh\u01b0: ch\u1ec9 ch\u1ea1y th\u00f4 (v\u1edbi nhi\u1ec1u l\u1edbp ph\u00e1 th\u00f4), ch\u1ec9 ch\u1ea1y tinh, ho\u0103c c\u1ea3 hai).<\/li>\n<li>H\u1ec7 \u0111i\u1ec1u h\u00e0nh v\u00e0 ph\u1ea7n m\u1ec1m CNC do VMHitech ph\u00e1t tri\u1ec3n. D\u00f9ng c\u00e1c file MOD, NC, FRV, H2K, DG1\u2026<\/li>\n<li>D\u1ef1a tr\u00ean h\u1ec7 \u0111i\u1ec1u h\u00e0nh th\u1eddi gian th\u1ef1c \u0111a nhi\u1ec7m, m\u00e1y c\u00f3 ch\u1ee9c n\u0103ng t\u1ef1 nh\u00e2n size trong khi \u0111ang gia c\u00f4ng, nh\u1edd v\u1eady b\u1ea1n c\u00f3 th\u1ec3 gi\u1ea3m th\u1eddi gian ch\u1edd khi mu\u1ed1n load \u0111\u1ea7y \u0111\u1ee7 c\u00e1c size.<\/li>\n<li>\u0110\u1ed9ng c\u01a1 servo: Yaskawa. C\u00e1c linh ki\u1ec7n quan tr\u1ecdng t\u1eeb c\u00e1c th\u01b0\u01a1ng hi\u1ec7u n\u1ed5i ti\u1ebfng.<\/li>\n<\/ul>\n<p><a href=\"https:\/\/vmhitech.com\/vi\/lien-he\/\">Li\u00ean h\u1ec7 v\u1edbi ch\u00fang t\u00f4i \u0111\u1ec3 bi\u1ebft th\u00eam chi ti\u1ebft.<\/a><\/p>\n<iframe loading=\"lazy\" width=\"900\" height=\"600\" src=\"https:\/\/www.youtube.com\/embed\/-aiBGxMmGrU\"  frameborder=\"0\" allow=\"accelerometer; autoplay; clipboard-write; encrypted-media; gyroscope; picture-in-picture; web-share\" allowfullscreen><\/iframe>\n<h2><span style=\"font-size: 80%;\">TH\u00d4NG S\u1ed0 K\u1ef8 THU\u1eacT ML-F2R<\/span><\/h2>\n\n<table id=\"tablepress-2\" class=\"tablepress tablepress-id-2\">\n<thead>\n<tr class=\"row-1\">\n\t<th class=\"column-1\">Model<\/th><th class=\"column-2\">ML-F2R<\/th>\n<\/tr>\n<\/thead>\n<tbody class=\"row-striping row-hover\">\n<tr class=\"row-2\">\n\t<td class=\"column-1\">S\u1ed1 \u0111\u00f4i phom gi\u00e0y:<\/td><td class=\"column-2\">1 \u0111\u00f4i <\/td>\n<\/tr>\n<tr class=\"row-3\">\n\t<td class=\"column-1\">S\u1ea3n l\u01b0\u1ee3ng:<\/td><td class=\"column-2\">10-15 \u0111\u00f4i\/gi\u1edd<\/td>\n<\/tr>\n<tr class=\"row-4\">\n\t<td class=\"column-1\">\u0110\u01b0\u1eddng k\u00ednh quay t\u1ed1i \u0111a:<\/td><td class=\"column-2\">250mm<\/td>\n<\/tr>\n<tr class=\"row-5\">\n\t<td class=\"column-1\">Chi\u1ec1u d\u00e0i t\u1ed1i \u0111a:<\/td><td class=\"column-2\">450 mm<\/td>\n<\/tr>\n<tr class=\"row-6\">\n\t<td class=\"column-1\">B\u01b0\u1edbc ph\u00e1 th\u00f4:<\/td><td class=\"column-2\">0,1-20 mm\/v\u00f2ng<\/td>\n<\/tr>\n<tr class=\"row-7\">\n\t<td class=\"column-1\">\u0110\u01b0\u1eddng ch\u1ea1y tinh:<\/td><td class=\"column-2\">0,1-10 mm\/v\u00f2ng<\/td>\n<\/tr>\n<tr class=\"row-8\">\n\t<td class=\"column-1\">T\u1ed1c \u0111\u1ed9 quay phom:<\/td><td class=\"column-2\">10-60 v\u00f2ng\/ph\u00fat<\/td>\n<\/tr>\n<tr class=\"row-9\">\n\t<td class=\"column-1\">\u0110\u00e0i dao th\u00f4 (ti\u00eau chu\u1ea9n):<\/td><td class=\"column-2\">\u0444160x36 mm <\/td>\n<\/tr>\n<tr class=\"row-10\">\n\t<td class=\"column-1\">\u0110\u00e0i dao tinh (ti\u00eau chu\u1ea9n):<\/td><td class=\"column-2\">\u044484x32 mm <\/td>\n<\/tr>\n<tr class=\"row-11\">\n\t<td class=\"column-1\">S\u1ed1 tr\u1ee5c Servo:<\/td><td class=\"column-2\">4<\/td>\n<\/tr>\n<tr class=\"row-12\">\n\t<td class=\"column-1\">C\u00f4ng su\u1ea5t:<\/td><td class=\"column-2\">12KW<\/td>\n<\/tr>\n<tr class=\"row-13\">\n\t<td class=\"column-1\">\u0110i\u1ec7n \u00e1p v\u00e0o:<\/td><td class=\"column-2\">3 pha, 380V \u00b1 5%<\/td>\n<\/tr>\n<tr class=\"row-14\">\n\t<td class=\"column-1\">K\u00edch th\u01b0\u1edbc:<\/td><td class=\"column-2\">L2400 xW1550 xH1700mm<\/td>\n<\/tr>\n<tr class=\"row-15\">\n\t<td class=\"column-1\">Tr\u1ecdng l\u01b0\u1ee3ng:<\/td><td class=\"column-2\">3200kg<\/td>\n<\/tr>\n<\/tbody>\n<\/table>\n\n<p>&nbsp;<\/p>","protected":false},"excerpt":{"rendered":"<p><strong>ML-F2R<\/strong> M\u00e1y CNC quay 1 \u0111\u00f4i phom gi\u00e0y (form gi\u00e0y) t\u1eeb ch\u1ea1y th\u00f4 \u0111\u1ebfn tinh (phom gi\u00e0y nh\u1ef1a ho\u1eb7c g\u1ed7).<\/p>\n<ul>\n<li>T\u00edch h\u1ee3p 2 d\u00e0n dao: d\u00e0n dao l\u1edbn ph\u00e1 th\u00f4, d\u00e0n dao nh\u1ecf ch\u1ea1y tinh.<\/li>\n<li>B\u1ed9 \u0111i\u1ec1u khi\u1ec3n CNC do VMHitech ph\u00e1t tri\u1ec3n. D\u00f9ng c\u00e1c file MOD, NC, FRV, H2K, DG1\u2026<\/li>\n<\/ul>","protected":false},"featured_media":2039,"template":"","meta":{"_acf_changed":false},"product_brand":[57],"product_cat":[31],"product_tag":[36,46,35,68],"class_list":{"0":"post-1775","1":"product","2":"type-product","3":"status-publish","4":"has-post-thumbnail","6":"product_brand-vmhitech","7":"product_cat-shoelast-machines","8":"product_tag-hormas","9":"product_tag-ml-f2r","10":"product_tag-shoelast","11":"product_tag-shoetree","13":"first","14":"instock","15":"shipping-taxable","16":"product-type-simple"},"acf":[],"yoast_head":"<!-- This site is optimized with the Yoast SEO Premium plugin v26.6 (Yoast SEO v26.6) - https:\/\/yoast.com\/wordpress\/plugins\/seo\/ -->\n<title>ML-F2R Roughing and Finishing ShoeLasts CNC Machine - 1 Pairs - VM HighTech Co., Ltd.<\/title>\n<meta name=\"description\" content=\"2 different sets of cutting heads: the bigger heads for roughing and the smaller heads for finishing. CNC Controller developed by VMHitech. Executes MOD, NC, FRV, H2K, DG1...files\" \/>\n<meta name=\"robots\" content=\"index, follow, max-snippet:-1, max-image-preview:large, max-video-preview:-1\" \/>\n<link rel=\"canonical\" href=\"https:\/\/vmhitech.com\/vi\/san-pham\/ml-f2r-may-quay-phom-giay-1-doi\/\" \/>\n<meta property=\"og:locale\" content=\"vi_VN\" \/>\n<meta property=\"og:type\" content=\"article\" \/>\n<meta property=\"og:title\" content=\"ML-F2R Roughing and Finishing ShoeLasts CNC Machine - 1 Pairs\" \/>\n<meta property=\"og:description\" content=\"2 different sets of cutting heads: the bigger heads for roughing and the smaller heads for finishing. CNC Controller developed by VMHitech. Executes MOD, NC, FRV, H2K, DG1...files\" \/>\n<meta property=\"og:url\" content=\"https:\/\/vmhitech.com\/vi\/san-pham\/ml-f2r-may-quay-phom-giay-1-doi\/\" \/>\n<meta property=\"og:site_name\" content=\"VM HighTech Co., Ltd.\" \/>\n<meta property=\"article:publisher\" content=\"https:\/\/www.facebook.com\/VMhitechco\" \/>\n<meta property=\"article:modified_time\" content=\"2025-12-28T03:31:57+00:00\" \/>\n<meta property=\"og:image\" content=\"https:\/\/vmhitech.com\/wp-content\/uploads\/2025\/09\/ML-F2R-Shop-01.png\" \/>\n\t<meta property=\"og:image:width\" content=\"512\" \/>\n\t<meta property=\"og:image:height\" content=\"512\" \/>\n\t<meta property=\"og:image:type\" content=\"image\/png\" \/>\n<meta name=\"twitter:card\" content=\"summary_large_image\" \/>\n<meta name=\"twitter:label1\" content=\"Price\" \/>\n\t<meta name=\"twitter:data1\" content=\"Inquiry\" \/>\n\t<meta name=\"twitter:label2\" content=\"Availability\" \/>\n\t<meta name=\"twitter:data2\" content=\"In stock\" \/>\n<script type=\"application\/ld+json\" class=\"yoast-schema-graph\">{\"@context\":\"https:\/\/schema.org\",\"@graph\":[{\"@type\":\"WebPage\",\"@id\":\"https:\/\/vmhitech.com\/products\/ml-f2r-roughing-and-finishing-shoelasts-cnc-machine-1-pairs\/\",\"url\":\"https:\/\/vmhitech.com\/products\/ml-f2r-roughing-and-finishing-shoelasts-cnc-machine-1-pairs\/\",\"name\":\"ML-F2R Roughing and Finishing ShoeLasts CNC Machine - 1 Pairs - VM HighTech Co., Ltd.\",\"isPartOf\":{\"@id\":\"https:\/\/vmhitech.com\/#website\"},\"primaryImageOfPage\":{\"@id\":\"https:\/\/vmhitech.com\/products\/ml-f2r-roughing-and-finishing-shoelasts-cnc-machine-1-pairs\/#primaryimage\"},\"image\":{\"@id\":\"https:\/\/vmhitech.com\/products\/ml-f2r-roughing-and-finishing-shoelasts-cnc-machine-1-pairs\/#primaryimage\"},\"thumbnailUrl\":\"https:\/\/vmhitech.com\/wp-content\/uploads\/2025\/09\/ML-F2R-Shop-01.png\",\"datePublished\":\"2025-09-24T12:35:33+00:00\",\"dateModified\":\"2025-12-28T03:31:57+00:00\",\"description\":\"2 different sets of cutting heads: the bigger heads for roughing and the smaller heads for finishing. CNC Controller developed by VMHitech. Executes MOD, NC, FRV, H2K, DG1...files\",\"breadcrumb\":{\"@id\":\"https:\/\/vmhitech.com\/products\/ml-f2r-roughing-and-finishing-shoelasts-cnc-machine-1-pairs\/#breadcrumb\"},\"inLanguage\":\"vi\",\"potentialAction\":[{\"@type\":\"ReadAction\",\"target\":[\"https:\/\/vmhitech.com\/products\/ml-f2r-roughing-and-finishing-shoelasts-cnc-machine-1-pairs\/\"]}]},{\"@type\":\"ImageObject\",\"inLanguage\":\"vi\",\"@id\":\"https:\/\/vmhitech.com\/products\/ml-f2r-roughing-and-finishing-shoelasts-cnc-machine-1-pairs\/#primaryimage\",\"url\":\"https:\/\/vmhitech.com\/wp-content\/uploads\/2025\/09\/ML-F2R-Shop-01.png\",\"contentUrl\":\"https:\/\/vmhitech.com\/wp-content\/uploads\/2025\/09\/ML-F2R-Shop-01.png\",\"width\":512,\"height\":512,\"caption\":\"Shoelasts CNC ML-F2R\"},{\"@type\":\"BreadcrumbList\",\"@id\":\"https:\/\/vmhitech.com\/products\/ml-f2r-roughing-and-finishing-shoelasts-cnc-machine-1-pairs\/#breadcrumb\",\"itemListElement\":[{\"@type\":\"ListItem\",\"position\":1,\"name\":\"Trang ch\u1ee7\",\"item\":\"https:\/\/vmhitech.com\/\"},{\"@type\":\"ListItem\",\"position\":2,\"name\":\"Products\",\"item\":\"https:\/\/vmhitech.com\/products\/\"},{\"@type\":\"ListItem\",\"position\":3,\"name\":\"ML-F2R Roughing and Finishing ShoeLasts CNC Machine &#8211; 1 Pairs\"}]},{\"@type\":\"WebSite\",\"@id\":\"https:\/\/vmhitech.com\/#website\",\"url\":\"https:\/\/vmhitech.com\/\",\"name\":\"VM HighTech Co., Ltd.\",\"description\":\"\",\"publisher\":{\"@id\":\"https:\/\/vmhitech.com\/#organization\"},\"potentialAction\":[{\"@type\":\"SearchAction\",\"target\":{\"@type\":\"EntryPoint\",\"urlTemplate\":\"https:\/\/vmhitech.com\/?s={search_term_string}\"},\"query-input\":{\"@type\":\"PropertyValueSpecification\",\"valueRequired\":true,\"valueName\":\"search_term_string\"}}],\"inLanguage\":\"vi\"},{\"@type\":\"Organization\",\"@id\":\"https:\/\/vmhitech.com\/#organization\",\"name\":\"VM HighTech Co., Ltd.\",\"url\":\"https:\/\/vmhitech.com\/\",\"logo\":{\"@type\":\"ImageObject\",\"inLanguage\":\"vi\",\"@id\":\"https:\/\/vmhitech.com\/#\/schema\/logo\/image\/\",\"url\":\"https:\/\/vmhitech.com\/wp-content\/uploads\/2025\/09\/VM-LOGO-1.png\",\"contentUrl\":\"https:\/\/vmhitech.com\/wp-content\/uploads\/2025\/09\/VM-LOGO-1.png\",\"width\":1200,\"height\":740,\"caption\":\"VM HighTech Co., Ltd.\"},\"image\":{\"@id\":\"https:\/\/vmhitech.com\/#\/schema\/logo\/image\/\"},\"sameAs\":[\"https:\/\/www.facebook.com\/VMhitechco\"]}]}<\/script>\n<meta property=\"product:price:currency\" content=\"VND\" \/>\n<meta property=\"og:availability\" content=\"instock\" \/>\n<meta property=\"product:availability\" content=\"instock\" \/>\n<meta property=\"product:condition\" content=\"new\" \/>\n<!-- \/ Yoast SEO Premium plugin. -->","yoast_head_json":{"title":"ML-F2R Roughing and Finishing ShoeLasts CNC Machine - 1 Pairs - VM HighTech Co., Ltd.","description":"2 different sets of cutting heads: the bigger heads for roughing and the smaller heads for finishing. CNC Controller developed by VMHitech. Executes MOD, NC, FRV, H2K, DG1...files","robots":{"index":"index","follow":"follow","max-snippet":"max-snippet:-1","max-image-preview":"max-image-preview:large","max-video-preview":"max-video-preview:-1"},"canonical":"https:\/\/vmhitech.com\/vi\/san-pham\/ml-f2r-may-quay-phom-giay-1-doi\/","og_locale":"vi_VN","og_type":"article","og_title":"ML-F2R Roughing and Finishing ShoeLasts CNC Machine - 1 Pairs","og_description":"2 different sets of cutting heads: the bigger heads for roughing and the smaller heads for finishing. CNC Controller developed by VMHitech. Executes MOD, NC, FRV, H2K, DG1...files","og_url":"https:\/\/vmhitech.com\/vi\/san-pham\/ml-f2r-may-quay-phom-giay-1-doi\/","og_site_name":"VM HighTech Co., Ltd.","article_publisher":"https:\/\/www.facebook.com\/VMhitechco","article_modified_time":"2025-12-28T03:31:57+00:00","og_image":[{"width":512,"height":512,"url":"https:\/\/vmhitech.com\/wp-content\/uploads\/2025\/09\/ML-F2R-Shop-01.png","type":"image\/png"}],"twitter_card":"summary_large_image","twitter_misc":{"Price":"Inquiry","Availability":"In stock"},"schema":{"@context":"https:\/\/schema.org","@graph":[{"@type":"WebPage","@id":"https:\/\/vmhitech.com\/products\/ml-f2r-roughing-and-finishing-shoelasts-cnc-machine-1-pairs\/","url":"https:\/\/vmhitech.com\/products\/ml-f2r-roughing-and-finishing-shoelasts-cnc-machine-1-pairs\/","name":"ML-F2R Roughing and Finishing ShoeLasts CNC Machine - 1 Pairs - VM HighTech Co., Ltd.","isPartOf":{"@id":"https:\/\/vmhitech.com\/#website"},"primaryImageOfPage":{"@id":"https:\/\/vmhitech.com\/products\/ml-f2r-roughing-and-finishing-shoelasts-cnc-machine-1-pairs\/#primaryimage"},"image":{"@id":"https:\/\/vmhitech.com\/products\/ml-f2r-roughing-and-finishing-shoelasts-cnc-machine-1-pairs\/#primaryimage"},"thumbnailUrl":"https:\/\/vmhitech.com\/wp-content\/uploads\/2025\/09\/ML-F2R-Shop-01.png","datePublished":"2025-09-24T12:35:33+00:00","dateModified":"2025-12-28T03:31:57+00:00","description":"2 different sets of cutting heads: the bigger heads for roughing and the smaller heads for finishing. CNC Controller developed by VMHitech. Executes MOD, NC, FRV, H2K, DG1...files","breadcrumb":{"@id":"https:\/\/vmhitech.com\/products\/ml-f2r-roughing-and-finishing-shoelasts-cnc-machine-1-pairs\/#breadcrumb"},"inLanguage":"vi","potentialAction":[{"@type":"ReadAction","target":["https:\/\/vmhitech.com\/products\/ml-f2r-roughing-and-finishing-shoelasts-cnc-machine-1-pairs\/"]}]},{"@type":"ImageObject","inLanguage":"vi","@id":"https:\/\/vmhitech.com\/products\/ml-f2r-roughing-and-finishing-shoelasts-cnc-machine-1-pairs\/#primaryimage","url":"https:\/\/vmhitech.com\/wp-content\/uploads\/2025\/09\/ML-F2R-Shop-01.png","contentUrl":"https:\/\/vmhitech.com\/wp-content\/uploads\/2025\/09\/ML-F2R-Shop-01.png","width":512,"height":512,"caption":"Shoelasts CNC ML-F2R"},{"@type":"BreadcrumbList","@id":"https:\/\/vmhitech.com\/products\/ml-f2r-roughing-and-finishing-shoelasts-cnc-machine-1-pairs\/#breadcrumb","itemListElement":[{"@type":"ListItem","position":1,"name":"Trang ch\u1ee7","item":"https:\/\/vmhitech.com\/"},{"@type":"ListItem","position":2,"name":"Products","item":"https:\/\/vmhitech.com\/products\/"},{"@type":"ListItem","position":3,"name":"ML-F2R Roughing and Finishing ShoeLasts CNC Machine &#8211; 1 Pairs"}]},{"@type":"WebSite","@id":"https:\/\/vmhitech.com\/#website","url":"https:\/\/vmhitech.com\/","name":"C\u00f4ng ty TNHH VM HighTech","description":"","publisher":{"@id":"https:\/\/vmhitech.com\/#organization"},"potentialAction":[{"@type":"SearchAction","target":{"@type":"EntryPoint","urlTemplate":"https:\/\/vmhitech.com\/?s={search_term_string}"},"query-input":{"@type":"PropertyValueSpecification","valueRequired":true,"valueName":"search_term_string"}}],"inLanguage":"vi"},{"@type":"Organization","@id":"https:\/\/vmhitech.com\/#organization","name":"C\u00f4ng ty TNHH VM HighTech","url":"https:\/\/vmhitech.com\/","logo":{"@type":"ImageObject","inLanguage":"vi","@id":"https:\/\/vmhitech.com\/#\/schema\/logo\/image\/","url":"https:\/\/vmhitech.com\/wp-content\/uploads\/2025\/09\/VM-LOGO-1.png","contentUrl":"https:\/\/vmhitech.com\/wp-content\/uploads\/2025\/09\/VM-LOGO-1.png","width":1200,"height":740,"caption":"VM HighTech Co., Ltd."},"image":{"@id":"https:\/\/vmhitech.com\/#\/schema\/logo\/image\/"},"sameAs":["https:\/\/www.facebook.com\/VMhitechco"]}]},"product_price_currency":"VND","og_availability":"instock","product_availability":"instock","product_condition":"new"},"_links":{"self":[{"href":"https:\/\/vmhitech.com\/vi\/wp-json\/wp\/v2\/product\/1775","targetHints":{"allow":["GET"]}}],"collection":[{"href":"https:\/\/vmhitech.com\/vi\/wp-json\/wp\/v2\/product"}],"about":[{"href":"https:\/\/vmhitech.com\/vi\/wp-json\/wp\/v2\/types\/product"}],"wp:featuredmedia":[{"embeddable":true,"href":"https:\/\/vmhitech.com\/vi\/wp-json\/wp\/v2\/media\/2039"}],"wp:attachment":[{"href":"https:\/\/vmhitech.com\/vi\/wp-json\/wp\/v2\/media?parent=1775"}],"wp:term":[{"taxonomy":"product_brand","embeddable":true,"href":"https:\/\/vmhitech.com\/vi\/wp-json\/wp\/v2\/product_brand?post=1775"},{"taxonomy":"product_cat","embeddable":true,"href":"https:\/\/vmhitech.com\/vi\/wp-json\/wp\/v2\/product_cat?post=1775"},{"taxonomy":"product_tag","embeddable":true,"href":"https:\/\/vmhitech.com\/vi\/wp-json\/wp\/v2\/product_tag?post=1775"}],"curies":[{"name":"wp","href":"https:\/\/api.w.org\/{rel}","templated":true}]}}