{"id":2134,"date":"2025-09-30T18:01:56","date_gmt":"2025-09-30T11:01:56","guid":{"rendered":"http:\/\/localhost\/minhman\/?post_type=product&#038;p=2134"},"modified":"2025-12-28T10:38:44","modified_gmt":"2025-12-28T03:38:44","slug":"vm-6090-may-khac-cnc","status":"publish","type":"product","link":"https:\/\/vmhitech.com\/vi\/san-pham\/vm-6090-may-khac-cnc\/","title":{"rendered":"VM-6090 M\u00e1y kh\u1eafc CNC"},"content":{"rendered":"<p><strong>VM-6090<\/strong> l\u00e0 m\u00e1y kh\u1eafc CNC d\u1ea1ng router, d\u00f9ng \u0111\u1ec3 gia c\u00f4ng nh\u00f4m, \u0111\u1ed3ng, k\u1ebdm, titan, nh\u1ef1a, g\u1ed7...<\/p>\n<ul>\n<li>D\u00f9ng b\u1ed9 \u0111i\u1ec1u khi\u1ec3n CNC c\u00f4ng nghi\u00eap<\/li>\n<li>C\u00e1c tr\u1ee5c d\u00f9ng motor servo. Motor servo tr\u1ee5c Z c\u00f3 th\u1eafng c\u01a1.<\/li>\n<li>T\u1ea5t c\u1ea3 c\u00e1c tr\u1ee5c d\u00f9ng vitme bi<\/li>\n<li>Tr\u1ee5c ch\u00ednh 5KW 20000rpm l\u00e0m m\u00e1t b\u1eb1ng gi\u00f3<\/li>\n<li>Ch\u1ee9c n\u0103ng thay dao t\u1ef1 \u0111\u1ed9ng - ATC (t\u00f9y ch\u1ecdn).<\/li>\n<li>H\u1ec7 th\u1ed1ng b\u01a1m d\u1ea7u b\u00f4i tr\u01a1n t\u1ee5 \u0111\u1ed9ng.<\/li>\n<\/ul>\n<p><a href=\"https:\/\/vmhitech.com\/vi\/lien-he\/\">Li\u00ean h\u1ec7 v\u1edbi ch\u00fang t\u00f4i \u0111\u1ec3 bi\u1ebft th\u00eam chi ti\u1ebft.<\/a><\/p>\n<h2><span style=\"font-size: 80%;\">VM-6090 TH\u00d4NG S\u1ed0 K\u1ef8 THU\u1eacT<\/span><\/h2>\n\n<table id=\"tablepress-6\" class=\"tablepress tablepress-id-6\">\n<thead>\n<tr class=\"row-1\">\n\t<th class=\"column-1\">Model<\/th><th class=\"column-2\">VM-6090<\/th>\n<\/tr>\n<\/thead>\n<tbody class=\"row-striping row-hover\">\n<tr class=\"row-2\">\n\t<td class=\"column-1\">H\u00e0nh tr\u00ecnh (mm):<\/td><td class=\"column-2\">X: 600 Y:900 Z:250<\/td>\n<\/tr>\n<tr class=\"row-3\">\n\t<td class=\"column-1\">Tr\u1ee5c ch\u00ednh:<\/td><td class=\"column-2\">5KW 20.000rpm l\u00e0m m\u00e1t b\u1eb1ng gi\u00f3<\/td>\n<\/tr>\n<tr class=\"row-4\">\n\t<td class=\"column-1\">K\u00edch th\u01b0\u1edbc b\u00e0n gia c\u00f4ng:<\/td><td class=\"column-2\">600x900mm<\/td>\n<\/tr>\n<tr class=\"row-5\">\n\t<td class=\"column-1\">ATC - thay dao t\u1ef1 \u0111\u1ed9ng:<\/td><td class=\"column-2\">t\u00f9y ch\u1ecdn<\/td>\n<\/tr>\n<tr class=\"row-6\">\n\t<td class=\"column-1\">S\u1ed1 tr\u1ee5c Servo:<\/td><td class=\"column-2\">3tr\u1ee5c ( tr\u1ee5c quay th\u1ee9 4 - t\u00f9y ch\u1ecdn)<\/td>\n<\/tr>\n<tr class=\"row-7\">\n\t<td class=\"column-1\">C\u00f4ng su\u1ea5t:<\/td><td class=\"column-2\">7KW<\/td>\n<\/tr>\n<tr class=\"row-8\">\n\t<td class=\"column-1\">\u0110i\u1ec7n \u00e1p v\u00e0o:<\/td><td class=\"column-2\">3 pha, 380V \u00b1 5%<\/td>\n<\/tr>\n<tr class=\"row-9\">\n\t<td class=\"column-1\">\u00c1p su\u1ea5t kh\u00ed n\u00e9n:<\/td><td class=\"column-2\">6 bar<\/td>\n<\/tr>\n<tr class=\"row-10\">\n\t<td class=\"column-1\">K\u00edch th\u01b0\u1edbc:<\/td><td class=\"column-2\">L1650 xW1550 xH1900mm<\/td>\n<\/tr>\n<tr class=\"row-11\">\n\t<td class=\"column-1\">Tr\u1ecdng l\u01b0\u1ee3ng:<\/td><td class=\"column-2\">1100kg<\/td>\n<\/tr>\n<\/tbody>\n<\/table>","protected":false},"excerpt":{"rendered":"<p><strong>VM-6090<\/strong> l\u00e0 m\u00e1y kh\u1eafc CNC d\u1ea1ng router, d\u00f9ng \u0111\u1ec3 gia c\u00f4ng nh\u00f4m, \u0111\u1ed3ng, k\u1ebdm, titan, nh\u1ef1a, g\u1ed7...<\/p>\n<ul>\n<li>H\u00e0nh tr\u00ecnh: X:600 Y:900 Z:250mm<\/li>\n<li>T\u1ea5t c\u1ea3 c\u00e1c tr\u1ee5c d\u00f9ng motor servo v\u00e0 vitme bi<\/li>\n<li>Spindle 5KW 20.000rpm air cooling. ATC(option)<\/li>\n<\/ul>","protected":false},"featured_media":2128,"template":"","meta":{"_acf_changed":false},"product_brand":[57],"product_cat":[33],"product_tag":[47,41,43],"class_list":{"0":"post-2134","1":"product","2":"type-product","3":"status-publish","4":"has-post-thumbnail","6":"product_brand-vmhitech","7":"product_cat-customized-machines","8":"product_tag-engraving-cnc","9":"product_tag-router-cnc","10":"product_tag-vm-6090","12":"first","13":"instock","14":"shipping-taxable","15":"product-type-simple"},"acf":[],"yoast_head":"<!-- This site is optimized with the Yoast SEO Premium plugin v26.6 (Yoast SEO v26.6) - https:\/\/yoast.com\/wordpress\/plugins\/seo\/ -->\n<title>VM-6090 Engraving Router CNC Machine - VM HighTech Co., Ltd.<\/title>\n<meta name=\"description\" content=\"For engraving non-ferrous material (aluminum, copper, zinc, titanium...), and plastics or wood. Travel: X:600 Y:900 Z:250mm. All ball screw and servo axis. Spindle 5KW 20.000rpm. ATC(option)\" \/>\n<meta name=\"robots\" content=\"index, follow, max-snippet:-1, max-image-preview:large, max-video-preview:-1\" \/>\n<link rel=\"canonical\" href=\"https:\/\/vmhitech.com\/vi\/san-pham\/vm-6090-may-khac-cnc\/\" \/>\n<meta property=\"og:locale\" content=\"vi_VN\" \/>\n<meta property=\"og:type\" content=\"article\" \/>\n<meta property=\"og:title\" content=\"VM-6090 Engraving Router CNC Machine\" \/>\n<meta property=\"og:description\" content=\"For engraving non-ferrous material (aluminum, copper, zinc, titanium...), and plastics or wood. Travel: X:600 Y:900 Z:250mm. All ball screw and servo axis. Spindle 5KW 20.000rpm. ATC(option)\" \/>\n<meta property=\"og:url\" content=\"https:\/\/vmhitech.com\/vi\/san-pham\/vm-6090-may-khac-cnc\/\" \/>\n<meta property=\"og:site_name\" content=\"VM HighTech Co., Ltd.\" \/>\n<meta property=\"article:publisher\" content=\"https:\/\/www.facebook.com\/VMhitechco\" \/>\n<meta property=\"article:modified_time\" content=\"2025-12-28T03:38:44+00:00\" \/>\n<meta property=\"og:image\" content=\"https:\/\/vmhitech.com\/wp-content\/uploads\/2025\/09\/VM-6090-Shop-01.png\" \/>\n\t<meta property=\"og:image:width\" content=\"512\" \/>\n\t<meta property=\"og:image:height\" content=\"512\" \/>\n\t<meta property=\"og:image:type\" content=\"image\/png\" \/>\n<meta name=\"twitter:card\" content=\"summary_large_image\" \/>\n<meta name=\"twitter:label1\" content=\"Price\" \/>\n\t<meta name=\"twitter:data1\" content=\"Inquiry\" \/>\n\t<meta name=\"twitter:label2\" content=\"Availability\" \/>\n\t<meta name=\"twitter:data2\" content=\"In stock\" \/>\n<script type=\"application\/ld+json\" class=\"yoast-schema-graph\">{\"@context\":\"https:\/\/schema.org\",\"@graph\":[{\"@type\":\"WebPage\",\"@id\":\"https:\/\/vmhitech.com\/products\/vm-6090-engraving-router-cnc-machine\/\",\"url\":\"https:\/\/vmhitech.com\/products\/vm-6090-engraving-router-cnc-machine\/\",\"name\":\"VM-6090 Engraving Router CNC Machine - VM HighTech Co., Ltd.\",\"isPartOf\":{\"@id\":\"https:\/\/vmhitech.com\/#website\"},\"primaryImageOfPage\":{\"@id\":\"https:\/\/vmhitech.com\/products\/vm-6090-engraving-router-cnc-machine\/#primaryimage\"},\"image\":{\"@id\":\"https:\/\/vmhitech.com\/products\/vm-6090-engraving-router-cnc-machine\/#primaryimage\"},\"thumbnailUrl\":\"https:\/\/vmhitech.com\/wp-content\/uploads\/2025\/09\/VM-6090-Shop-01.png\",\"datePublished\":\"2025-09-30T11:01:56+00:00\",\"dateModified\":\"2025-12-28T03:38:44+00:00\",\"description\":\"For engraving non-ferrous material (aluminum, copper, zinc, titanium...), and plastics or wood. Travel: X:600 Y:900 Z:250mm. All ball screw and servo axis. Spindle 5KW 20.000rpm. ATC(option)\",\"breadcrumb\":{\"@id\":\"https:\/\/vmhitech.com\/products\/vm-6090-engraving-router-cnc-machine\/#breadcrumb\"},\"inLanguage\":\"vi\",\"potentialAction\":[{\"@type\":\"ReadAction\",\"target\":[\"https:\/\/vmhitech.com\/products\/vm-6090-engraving-router-cnc-machine\/\"]}]},{\"@type\":\"ImageObject\",\"inLanguage\":\"vi\",\"@id\":\"https:\/\/vmhitech.com\/products\/vm-6090-engraving-router-cnc-machine\/#primaryimage\",\"url\":\"https:\/\/vmhitech.com\/wp-content\/uploads\/2025\/09\/VM-6090-Shop-01.png\",\"contentUrl\":\"https:\/\/vmhitech.com\/wp-content\/uploads\/2025\/09\/VM-6090-Shop-01.png\",\"width\":512,\"height\":512},{\"@type\":\"BreadcrumbList\",\"@id\":\"https:\/\/vmhitech.com\/products\/vm-6090-engraving-router-cnc-machine\/#breadcrumb\",\"itemListElement\":[{\"@type\":\"ListItem\",\"position\":1,\"name\":\"Trang ch\u1ee7\",\"item\":\"https:\/\/vmhitech.com\/\"},{\"@type\":\"ListItem\",\"position\":2,\"name\":\"Products\",\"item\":\"https:\/\/vmhitech.com\/products\/\"},{\"@type\":\"ListItem\",\"position\":3,\"name\":\"VM-6090 Engraving Router CNC Machine\"}]},{\"@type\":\"WebSite\",\"@id\":\"https:\/\/vmhitech.com\/#website\",\"url\":\"https:\/\/vmhitech.com\/\",\"name\":\"VM HighTech Co., Ltd.\",\"description\":\"\",\"publisher\":{\"@id\":\"https:\/\/vmhitech.com\/#organization\"},\"potentialAction\":[{\"@type\":\"SearchAction\",\"target\":{\"@type\":\"EntryPoint\",\"urlTemplate\":\"https:\/\/vmhitech.com\/?s={search_term_string}\"},\"query-input\":{\"@type\":\"PropertyValueSpecification\",\"valueRequired\":true,\"valueName\":\"search_term_string\"}}],\"inLanguage\":\"vi\"},{\"@type\":\"Organization\",\"@id\":\"https:\/\/vmhitech.com\/#organization\",\"name\":\"VM HighTech Co., Ltd.\",\"url\":\"https:\/\/vmhitech.com\/\",\"logo\":{\"@type\":\"ImageObject\",\"inLanguage\":\"vi\",\"@id\":\"https:\/\/vmhitech.com\/#\/schema\/logo\/image\/\",\"url\":\"https:\/\/vmhitech.com\/wp-content\/uploads\/2025\/09\/VM-LOGO-1.png\",\"contentUrl\":\"https:\/\/vmhitech.com\/wp-content\/uploads\/2025\/09\/VM-LOGO-1.png\",\"width\":1200,\"height\":740,\"caption\":\"VM HighTech Co., Ltd.\"},\"image\":{\"@id\":\"https:\/\/vmhitech.com\/#\/schema\/logo\/image\/\"},\"sameAs\":[\"https:\/\/www.facebook.com\/VMhitechco\"]}]}<\/script>\n<meta property=\"product:price:currency\" content=\"VND\" \/>\n<meta property=\"og:availability\" content=\"instock\" \/>\n<meta property=\"product:availability\" content=\"instock\" \/>\n<meta property=\"product:condition\" content=\"new\" \/>\n<!-- \/ Yoast SEO Premium plugin. -->","yoast_head_json":{"title":"VM-6090 Engraving Router CNC Machine - VM HighTech Co., Ltd.","description":"For engraving non-ferrous material (aluminum, copper, zinc, titanium...), and plastics or wood. Travel: X:600 Y:900 Z:250mm. All ball screw and servo axis. Spindle 5KW 20.000rpm. ATC(option)","robots":{"index":"index","follow":"follow","max-snippet":"max-snippet:-1","max-image-preview":"max-image-preview:large","max-video-preview":"max-video-preview:-1"},"canonical":"https:\/\/vmhitech.com\/vi\/san-pham\/vm-6090-may-khac-cnc\/","og_locale":"vi_VN","og_type":"article","og_title":"VM-6090 Engraving Router CNC Machine","og_description":"For engraving non-ferrous material (aluminum, copper, zinc, titanium...), and plastics or wood. Travel: X:600 Y:900 Z:250mm. All ball screw and servo axis. Spindle 5KW 20.000rpm. ATC(option)","og_url":"https:\/\/vmhitech.com\/vi\/san-pham\/vm-6090-may-khac-cnc\/","og_site_name":"VM HighTech Co., Ltd.","article_publisher":"https:\/\/www.facebook.com\/VMhitechco","article_modified_time":"2025-12-28T03:38:44+00:00","og_image":[{"width":512,"height":512,"url":"https:\/\/vmhitech.com\/wp-content\/uploads\/2025\/09\/VM-6090-Shop-01.png","type":"image\/png"}],"twitter_card":"summary_large_image","twitter_misc":{"Price":"Inquiry","Availability":"In stock"},"schema":{"@context":"https:\/\/schema.org","@graph":[{"@type":"WebPage","@id":"https:\/\/vmhitech.com\/products\/vm-6090-engraving-router-cnc-machine\/","url":"https:\/\/vmhitech.com\/products\/vm-6090-engraving-router-cnc-machine\/","name":"VM-6090 Engraving Router CNC Machine - VM HighTech Co., Ltd.","isPartOf":{"@id":"https:\/\/vmhitech.com\/#website"},"primaryImageOfPage":{"@id":"https:\/\/vmhitech.com\/products\/vm-6090-engraving-router-cnc-machine\/#primaryimage"},"image":{"@id":"https:\/\/vmhitech.com\/products\/vm-6090-engraving-router-cnc-machine\/#primaryimage"},"thumbnailUrl":"https:\/\/vmhitech.com\/wp-content\/uploads\/2025\/09\/VM-6090-Shop-01.png","datePublished":"2025-09-30T11:01:56+00:00","dateModified":"2025-12-28T03:38:44+00:00","description":"For engraving non-ferrous material (aluminum, copper, zinc, titanium...), and plastics or wood. Travel: X:600 Y:900 Z:250mm. All ball screw and servo axis. Spindle 5KW 20.000rpm. ATC(option)","breadcrumb":{"@id":"https:\/\/vmhitech.com\/products\/vm-6090-engraving-router-cnc-machine\/#breadcrumb"},"inLanguage":"vi","potentialAction":[{"@type":"ReadAction","target":["https:\/\/vmhitech.com\/products\/vm-6090-engraving-router-cnc-machine\/"]}]},{"@type":"ImageObject","inLanguage":"vi","@id":"https:\/\/vmhitech.com\/products\/vm-6090-engraving-router-cnc-machine\/#primaryimage","url":"https:\/\/vmhitech.com\/wp-content\/uploads\/2025\/09\/VM-6090-Shop-01.png","contentUrl":"https:\/\/vmhitech.com\/wp-content\/uploads\/2025\/09\/VM-6090-Shop-01.png","width":512,"height":512},{"@type":"BreadcrumbList","@id":"https:\/\/vmhitech.com\/products\/vm-6090-engraving-router-cnc-machine\/#breadcrumb","itemListElement":[{"@type":"ListItem","position":1,"name":"Trang ch\u1ee7","item":"https:\/\/vmhitech.com\/"},{"@type":"ListItem","position":2,"name":"Products","item":"https:\/\/vmhitech.com\/products\/"},{"@type":"ListItem","position":3,"name":"VM-6090 Engraving Router CNC Machine"}]},{"@type":"WebSite","@id":"https:\/\/vmhitech.com\/#website","url":"https:\/\/vmhitech.com\/","name":"C\u00f4ng ty TNHH VM HighTech","description":"","publisher":{"@id":"https:\/\/vmhitech.com\/#organization"},"potentialAction":[{"@type":"SearchAction","target":{"@type":"EntryPoint","urlTemplate":"https:\/\/vmhitech.com\/?s={search_term_string}"},"query-input":{"@type":"PropertyValueSpecification","valueRequired":true,"valueName":"search_term_string"}}],"inLanguage":"vi"},{"@type":"Organization","@id":"https:\/\/vmhitech.com\/#organization","name":"C\u00f4ng ty TNHH VM HighTech","url":"https:\/\/vmhitech.com\/","logo":{"@type":"ImageObject","inLanguage":"vi","@id":"https:\/\/vmhitech.com\/#\/schema\/logo\/image\/","url":"https:\/\/vmhitech.com\/wp-content\/uploads\/2025\/09\/VM-LOGO-1.png","contentUrl":"https:\/\/vmhitech.com\/wp-content\/uploads\/2025\/09\/VM-LOGO-1.png","width":1200,"height":740,"caption":"VM HighTech Co., Ltd."},"image":{"@id":"https:\/\/vmhitech.com\/#\/schema\/logo\/image\/"},"sameAs":["https:\/\/www.facebook.com\/VMhitechco"]}]},"product_price_currency":"VND","og_availability":"instock","product_availability":"instock","product_condition":"new"},"_links":{"self":[{"href":"https:\/\/vmhitech.com\/vi\/wp-json\/wp\/v2\/product\/2134","targetHints":{"allow":["GET"]}}],"collection":[{"href":"https:\/\/vmhitech.com\/vi\/wp-json\/wp\/v2\/product"}],"about":[{"href":"https:\/\/vmhitech.com\/vi\/wp-json\/wp\/v2\/types\/product"}],"wp:featuredmedia":[{"embeddable":true,"href":"https:\/\/vmhitech.com\/vi\/wp-json\/wp\/v2\/media\/2128"}],"wp:attachment":[{"href":"https:\/\/vmhitech.com\/vi\/wp-json\/wp\/v2\/media?parent=2134"}],"wp:term":[{"taxonomy":"product_brand","embeddable":true,"href":"https:\/\/vmhitech.com\/vi\/wp-json\/wp\/v2\/product_brand?post=2134"},{"taxonomy":"product_cat","embeddable":true,"href":"https:\/\/vmhitech.com\/vi\/wp-json\/wp\/v2\/product_cat?post=2134"},{"taxonomy":"product_tag","embeddable":true,"href":"https:\/\/vmhitech.com\/vi\/wp-json\/wp\/v2\/product_tag?post=2134"}],"curies":[{"name":"wp","href":"https:\/\/api.w.org\/{rel}","templated":true}]}}