{"id":2152,"date":"2025-10-01T10:55:46","date_gmt":"2025-10-01T03:55:46","guid":{"rendered":"http:\/\/localhost\/minhman\/?post_type=product&#038;p=2152"},"modified":"2025-12-28T10:38:41","modified_gmt":"2025-12-28T03:38:41","slug":"vm-fegm-may-mai-kinh-bon-canh","status":"publish","type":"product","link":"https:\/\/vmhitech.com\/vi\/san-pham\/vm-fegm-may-mai-kinh-bon-canh\/","title":{"rendered":"VM-FEGM M\u00e1y m\u00e0i k\u00ednh b\u1ed1n c\u1ea1nh"},"content":{"rendered":"<p><strong>VM-FEGM<\/strong> m\u00e1y m\u00e0i k\u00ednh 4 c\u1ea1nh t\u1ef1 \u0111\u1ed9ng.<\/p>\n<ul>\n<li>Kh\u1ed5 k\u00ednh: 1600, 2000, 2500mm<\/li>\n<li>K\u00edch th\u01b0\u1edbc k\u00ednh nh\u1ecf nh\u1ea5t: W250 x L450mm<\/li>\n<li>Chi\u1ec1u d\u00e0y k\u00ednh: 3-20mm<\/li>\n<li>T\u1ed1c \u0111\u1ed9 m\u00e0i: 25m\/ph\u00fat<\/li>\n<li>T\u1ea5t c\u1ea3 d\u00f9ng motor servo EtheCAT.<\/li>\n<\/ul>\n<p><a href=\"https:\/\/vmhitech.com\/vi\/lien-he\/\">Li\u00ean h\u1ec7 v\u1edbi ch\u00fang t\u00f4i \u0111\u1ec3 bi\u1ebft th\u00eam chi ti\u1ebft.<\/a><\/p>\n<iframe loading=\"lazy\" width=\"900\" height=\"600\" src=\"https:\/\/www.youtube.com\/embed\/_oGOrzqfDzs\"  frameborder=\"0\" allow=\"accelerometer; autoplay; clipboard-write; encrypted-media; gyroscope; picture-in-picture; web-share\" allowfullscreen><\/iframe>","protected":false},"excerpt":{"rendered":"<p><strong>VM-FEGM<\/strong> m\u00e1y m\u00e0i k\u00ednh 4 c\u1ea1nh t\u1ef1 \u0111\u1ed9ng.<\/p>\n<ul>\n<li>Kh\u1ed5 k\u00ednh: 1600, 2000, 2500mm<\/li>\n<li>K\u00edch th\u01b0\u1edbc k\u00ednh nh\u1ecf nh\u1ea5t: W250 x L450mm<\/li>\n<li>Chi\u1ec1u d\u00e0y k\u00ednh: 3-20mm<\/li>\n<li>T\u1ed1c \u0111\u1ed9 m\u00e0i: 25m\/ph\u00fat<\/li>\n<\/ul>","protected":false},"featured_media":2158,"template":"","meta":{"_acf_changed":false},"product_brand":[57],"product_cat":[33],"product_tag":[50,49,48],"class_list":{"0":"post-2152","1":"product","2":"type-product","3":"status-publish","4":"has-post-thumbnail","6":"product_brand-vmhitech","7":"product_cat-customized-machines","8":"product_tag-four-edge-grinding-machine","9":"product_tag-glass-machine","10":"product_tag-vm-fegm","12":"first","13":"instock","14":"shipping-taxable","15":"product-type-simple"},"acf":[],"yoast_head":"<!-- This site is optimized with the Yoast SEO Premium plugin v26.6 (Yoast SEO v26.6) - https:\/\/yoast.com\/wordpress\/plugins\/seo\/ -->\n<title>VM-FEGM Glass Four Edge Grinding Machine - VM HighTech Co., Ltd.<\/title>\n<meta name=\"description\" content=\"VM-FEGM is the automatic four edge grinding machine for glass\/mirror. Glass max width(customized): 1600, 2000, 2500mm. Glass smallest size: W250 x L450mmGlass thickness: 3-20mm. Grinding speed: 25m\/min\" \/>\n<meta name=\"robots\" content=\"index, follow, max-snippet:-1, max-image-preview:large, max-video-preview:-1\" \/>\n<link rel=\"canonical\" href=\"https:\/\/vmhitech.com\/vi\/san-pham\/vm-fegm-may-mai-kinh-bon-canh\/\" \/>\n<meta property=\"og:locale\" content=\"vi_VN\" \/>\n<meta property=\"og:type\" content=\"article\" \/>\n<meta property=\"og:title\" content=\"VM-FEGM Glass Four Edge Grinding Machine\" \/>\n<meta property=\"og:description\" content=\"VM-FEGM is the automatic four edge grinding machine for glass\/mirror. Glass max width(customized): 1600, 2000, 2500mm. Glass smallest size: W250 x L450mmGlass thickness: 3-20mm. Grinding speed: 25m\/min\" \/>\n<meta property=\"og:url\" content=\"https:\/\/vmhitech.com\/vi\/san-pham\/vm-fegm-may-mai-kinh-bon-canh\/\" \/>\n<meta property=\"og:site_name\" content=\"VM HighTech Co., Ltd.\" \/>\n<meta property=\"article:publisher\" content=\"https:\/\/www.facebook.com\/VMhitechco\" \/>\n<meta property=\"article:modified_time\" content=\"2025-12-28T03:38:41+00:00\" \/>\n<meta property=\"og:image\" content=\"https:\/\/vmhitech.com\/wp-content\/uploads\/2025\/10\/FEGM-Shop-01.png\" \/>\n\t<meta property=\"og:image:width\" content=\"512\" \/>\n\t<meta property=\"og:image:height\" content=\"512\" \/>\n\t<meta property=\"og:image:type\" content=\"image\/png\" \/>\n<meta name=\"twitter:card\" content=\"summary_large_image\" \/>\n<meta name=\"twitter:label1\" content=\"Price\" \/>\n\t<meta name=\"twitter:data1\" content=\"Inquiry\" \/>\n\t<meta name=\"twitter:label2\" content=\"Availability\" \/>\n\t<meta name=\"twitter:data2\" content=\"In stock\" \/>\n<script type=\"application\/ld+json\" class=\"yoast-schema-graph\">{\"@context\":\"https:\/\/schema.org\",\"@graph\":[{\"@type\":\"WebPage\",\"@id\":\"https:\/\/vmhitech.com\/products\/vm-fegm-glass-four-edge-grinding-machine\/\",\"url\":\"https:\/\/vmhitech.com\/products\/vm-fegm-glass-four-edge-grinding-machine\/\",\"name\":\"VM-FEGM Glass Four Edge Grinding Machine - VM HighTech Co., Ltd.\",\"isPartOf\":{\"@id\":\"https:\/\/vmhitech.com\/#website\"},\"primaryImageOfPage\":{\"@id\":\"https:\/\/vmhitech.com\/products\/vm-fegm-glass-four-edge-grinding-machine\/#primaryimage\"},\"image\":{\"@id\":\"https:\/\/vmhitech.com\/products\/vm-fegm-glass-four-edge-grinding-machine\/#primaryimage\"},\"thumbnailUrl\":\"https:\/\/vmhitech.com\/wp-content\/uploads\/2025\/10\/FEGM-Shop-01.png\",\"datePublished\":\"2025-10-01T03:55:46+00:00\",\"dateModified\":\"2025-12-28T03:38:41+00:00\",\"description\":\"VM-FEGM is the automatic four edge grinding machine for glass\/mirror. Glass max width(customized): 1600, 2000, 2500mm. Glass smallest size: W250 x L450mmGlass thickness: 3-20mm. Grinding speed: 25m\/min\",\"breadcrumb\":{\"@id\":\"https:\/\/vmhitech.com\/products\/vm-fegm-glass-four-edge-grinding-machine\/#breadcrumb\"},\"inLanguage\":\"vi\",\"potentialAction\":[{\"@type\":\"ReadAction\",\"target\":[\"https:\/\/vmhitech.com\/products\/vm-fegm-glass-four-edge-grinding-machine\/\"]}]},{\"@type\":\"ImageObject\",\"inLanguage\":\"vi\",\"@id\":\"https:\/\/vmhitech.com\/products\/vm-fegm-glass-four-edge-grinding-machine\/#primaryimage\",\"url\":\"https:\/\/vmhitech.com\/wp-content\/uploads\/2025\/10\/FEGM-Shop-01.png\",\"contentUrl\":\"https:\/\/vmhitech.com\/wp-content\/uploads\/2025\/10\/FEGM-Shop-01.png\",\"width\":512,\"height\":512,\"caption\":\"glass four edge grinding machine\"},{\"@type\":\"BreadcrumbList\",\"@id\":\"https:\/\/vmhitech.com\/products\/vm-fegm-glass-four-edge-grinding-machine\/#breadcrumb\",\"itemListElement\":[{\"@type\":\"ListItem\",\"position\":1,\"name\":\"Trang ch\u1ee7\",\"item\":\"https:\/\/vmhitech.com\/\"},{\"@type\":\"ListItem\",\"position\":2,\"name\":\"Products\",\"item\":\"https:\/\/vmhitech.com\/products\/\"},{\"@type\":\"ListItem\",\"position\":3,\"name\":\"VM-FEGM Glass Four Edge Grinding Machine\"}]},{\"@type\":\"WebSite\",\"@id\":\"https:\/\/vmhitech.com\/#website\",\"url\":\"https:\/\/vmhitech.com\/\",\"name\":\"VM HighTech Co., Ltd.\",\"description\":\"\",\"publisher\":{\"@id\":\"https:\/\/vmhitech.com\/#organization\"},\"potentialAction\":[{\"@type\":\"SearchAction\",\"target\":{\"@type\":\"EntryPoint\",\"urlTemplate\":\"https:\/\/vmhitech.com\/?s={search_term_string}\"},\"query-input\":{\"@type\":\"PropertyValueSpecification\",\"valueRequired\":true,\"valueName\":\"search_term_string\"}}],\"inLanguage\":\"vi\"},{\"@type\":\"Organization\",\"@id\":\"https:\/\/vmhitech.com\/#organization\",\"name\":\"VM HighTech Co., Ltd.\",\"url\":\"https:\/\/vmhitech.com\/\",\"logo\":{\"@type\":\"ImageObject\",\"inLanguage\":\"vi\",\"@id\":\"https:\/\/vmhitech.com\/#\/schema\/logo\/image\/\",\"url\":\"https:\/\/vmhitech.com\/wp-content\/uploads\/2025\/09\/VM-LOGO-1.png\",\"contentUrl\":\"https:\/\/vmhitech.com\/wp-content\/uploads\/2025\/09\/VM-LOGO-1.png\",\"width\":1200,\"height\":740,\"caption\":\"VM HighTech Co., Ltd.\"},\"image\":{\"@id\":\"https:\/\/vmhitech.com\/#\/schema\/logo\/image\/\"},\"sameAs\":[\"https:\/\/www.facebook.com\/VMhitechco\"]}]}<\/script>\n<meta property=\"product:price:currency\" content=\"VND\" \/>\n<meta property=\"og:availability\" content=\"instock\" \/>\n<meta property=\"product:availability\" content=\"instock\" \/>\n<meta property=\"product:condition\" content=\"new\" \/>\n<!-- \/ Yoast SEO Premium plugin. -->","yoast_head_json":{"title":"VM-FEGM Glass Four Edge Grinding Machine - VM HighTech Co., Ltd.","description":"VM-FEGM is the automatic four edge grinding machine for glass\/mirror. Glass max width(customized): 1600, 2000, 2500mm. Glass smallest size: W250 x L450mmGlass thickness: 3-20mm. Grinding speed: 25m\/min","robots":{"index":"index","follow":"follow","max-snippet":"max-snippet:-1","max-image-preview":"max-image-preview:large","max-video-preview":"max-video-preview:-1"},"canonical":"https:\/\/vmhitech.com\/vi\/san-pham\/vm-fegm-may-mai-kinh-bon-canh\/","og_locale":"vi_VN","og_type":"article","og_title":"VM-FEGM Glass Four Edge Grinding Machine","og_description":"VM-FEGM is the automatic four edge grinding machine for glass\/mirror. Glass max width(customized): 1600, 2000, 2500mm. Glass smallest size: W250 x L450mmGlass thickness: 3-20mm. Grinding speed: 25m\/min","og_url":"https:\/\/vmhitech.com\/vi\/san-pham\/vm-fegm-may-mai-kinh-bon-canh\/","og_site_name":"VM HighTech Co., Ltd.","article_publisher":"https:\/\/www.facebook.com\/VMhitechco","article_modified_time":"2025-12-28T03:38:41+00:00","og_image":[{"width":512,"height":512,"url":"https:\/\/vmhitech.com\/wp-content\/uploads\/2025\/10\/FEGM-Shop-01.png","type":"image\/png"}],"twitter_card":"summary_large_image","twitter_misc":{"Price":"Inquiry","Availability":"In stock"},"schema":{"@context":"https:\/\/schema.org","@graph":[{"@type":"WebPage","@id":"https:\/\/vmhitech.com\/products\/vm-fegm-glass-four-edge-grinding-machine\/","url":"https:\/\/vmhitech.com\/products\/vm-fegm-glass-four-edge-grinding-machine\/","name":"VM-FEGM Glass Four Edge Grinding Machine - VM HighTech Co., Ltd.","isPartOf":{"@id":"https:\/\/vmhitech.com\/#website"},"primaryImageOfPage":{"@id":"https:\/\/vmhitech.com\/products\/vm-fegm-glass-four-edge-grinding-machine\/#primaryimage"},"image":{"@id":"https:\/\/vmhitech.com\/products\/vm-fegm-glass-four-edge-grinding-machine\/#primaryimage"},"thumbnailUrl":"https:\/\/vmhitech.com\/wp-content\/uploads\/2025\/10\/FEGM-Shop-01.png","datePublished":"2025-10-01T03:55:46+00:00","dateModified":"2025-12-28T03:38:41+00:00","description":"VM-FEGM is the automatic four edge grinding machine for glass\/mirror. Glass max width(customized): 1600, 2000, 2500mm. Glass smallest size: W250 x L450mmGlass thickness: 3-20mm. Grinding speed: 25m\/min","breadcrumb":{"@id":"https:\/\/vmhitech.com\/products\/vm-fegm-glass-four-edge-grinding-machine\/#breadcrumb"},"inLanguage":"vi","potentialAction":[{"@type":"ReadAction","target":["https:\/\/vmhitech.com\/products\/vm-fegm-glass-four-edge-grinding-machine\/"]}]},{"@type":"ImageObject","inLanguage":"vi","@id":"https:\/\/vmhitech.com\/products\/vm-fegm-glass-four-edge-grinding-machine\/#primaryimage","url":"https:\/\/vmhitech.com\/wp-content\/uploads\/2025\/10\/FEGM-Shop-01.png","contentUrl":"https:\/\/vmhitech.com\/wp-content\/uploads\/2025\/10\/FEGM-Shop-01.png","width":512,"height":512,"caption":"glass four edge grinding machine"},{"@type":"BreadcrumbList","@id":"https:\/\/vmhitech.com\/products\/vm-fegm-glass-four-edge-grinding-machine\/#breadcrumb","itemListElement":[{"@type":"ListItem","position":1,"name":"Trang ch\u1ee7","item":"https:\/\/vmhitech.com\/"},{"@type":"ListItem","position":2,"name":"Products","item":"https:\/\/vmhitech.com\/products\/"},{"@type":"ListItem","position":3,"name":"VM-FEGM Glass Four Edge Grinding Machine"}]},{"@type":"WebSite","@id":"https:\/\/vmhitech.com\/#website","url":"https:\/\/vmhitech.com\/","name":"C\u00f4ng ty TNHH VM HighTech","description":"","publisher":{"@id":"https:\/\/vmhitech.com\/#organization"},"potentialAction":[{"@type":"SearchAction","target":{"@type":"EntryPoint","urlTemplate":"https:\/\/vmhitech.com\/?s={search_term_string}"},"query-input":{"@type":"PropertyValueSpecification","valueRequired":true,"valueName":"search_term_string"}}],"inLanguage":"vi"},{"@type":"Organization","@id":"https:\/\/vmhitech.com\/#organization","name":"C\u00f4ng ty TNHH VM HighTech","url":"https:\/\/vmhitech.com\/","logo":{"@type":"ImageObject","inLanguage":"vi","@id":"https:\/\/vmhitech.com\/#\/schema\/logo\/image\/","url":"https:\/\/vmhitech.com\/wp-content\/uploads\/2025\/09\/VM-LOGO-1.png","contentUrl":"https:\/\/vmhitech.com\/wp-content\/uploads\/2025\/09\/VM-LOGO-1.png","width":1200,"height":740,"caption":"VM HighTech Co., Ltd."},"image":{"@id":"https:\/\/vmhitech.com\/#\/schema\/logo\/image\/"},"sameAs":["https:\/\/www.facebook.com\/VMhitechco"]}]},"product_price_currency":"VND","og_availability":"instock","product_availability":"instock","product_condition":"new"},"_links":{"self":[{"href":"https:\/\/vmhitech.com\/vi\/wp-json\/wp\/v2\/product\/2152","targetHints":{"allow":["GET"]}}],"collection":[{"href":"https:\/\/vmhitech.com\/vi\/wp-json\/wp\/v2\/product"}],"about":[{"href":"https:\/\/vmhitech.com\/vi\/wp-json\/wp\/v2\/types\/product"}],"wp:featuredmedia":[{"embeddable":true,"href":"https:\/\/vmhitech.com\/vi\/wp-json\/wp\/v2\/media\/2158"}],"wp:attachment":[{"href":"https:\/\/vmhitech.com\/vi\/wp-json\/wp\/v2\/media?parent=2152"}],"wp:term":[{"taxonomy":"product_brand","embeddable":true,"href":"https:\/\/vmhitech.com\/vi\/wp-json\/wp\/v2\/product_brand?post=2152"},{"taxonomy":"product_cat","embeddable":true,"href":"https:\/\/vmhitech.com\/vi\/wp-json\/wp\/v2\/product_cat?post=2152"},{"taxonomy":"product_tag","embeddable":true,"href":"https:\/\/vmhitech.com\/vi\/wp-json\/wp\/v2\/product_tag?post=2152"}],"curies":[{"name":"wp","href":"https:\/\/api.w.org\/{rel}","templated":true}]}}